{"id":324,"date":"2025-01-09T21:50:50","date_gmt":"2025-01-09T13:50:50","guid":{"rendered":"https:\/\/bali.business\/product\/fitness-center-2\/"},"modified":"2026-03-05T14:57:28","modified_gmt":"2026-03-05T06:57:28","slug":"fitness-center-2","status":"publish","type":"product","link":"https:\/\/bali.business\/fr\/produit\/fitness-center-2\/","title":{"rendered":"Centre de remise en forme"},"content":{"rendered":"<p>Quisque tincidunt pretium laoreet. Duis tincidunt, neque vitae sagittis tincidunt, nunc ligula dignissim elit, id pellentesque mi nulla non nunc. Cras laoreet nibh tortor, ac viverra velit euismod ac. Etiam vulputate arcu nec neque viverra, quis dapibus nulla condimentum. Quisque porta ex augue, at pharetra sem porttitor eget. Interdum et malesuada fames ac ante ipsum primis in faucibus. Les r\u00e9sultats de l'\u00e9tude ont \u00e9t\u00e9 publi\u00e9s sur le site web de l'Union europ\u00e9enne, et les r\u00e9sultats de l'\u00e9tude ont \u00e9t\u00e9 publi\u00e9s sur le site web de l'Union europ\u00e9enne.<\/p>","protected":false},"excerpt":{"rendered":"<p>Quisque tincidunt pretium laoreet. Duis tincidunt, neque vitae sagittis tincidunt, nunc ligula dignissim elit, id pellentesque mi nulla non nunc. Cras laoreet nibh tortor, ac viverra velit euismod ac. Etiam vulputate arcu nec neque viverra, quis dapibus nulla condimentum. Quisque porta ex augue, at pharetra sem porttitor eget. Interdum et malesuada fames ac ante ipsum [&hellip;]<\/p>\n","protected":false},"featured_media":0,"comment_status":"open","ping_status":"closed","template":"","meta":[],"product_brand":[],"product_cat":[20],"product_tag":[],"class_list":{"0":"post-324","1":"product","2":"type-product","3":"status-publish","5":"product_cat-listeo-booking","7":"first","8":"instock","9":"virtual","10":"sold-individually","11":"purchasable","12":"product-type-listing_booking"},"_links":{"self":[{"href":"https:\/\/bali.business\/fr\/wp-json\/wp\/v2\/product\/324","targetHints":{"allow":["GET"]}}],"collection":[{"href":"https:\/\/bali.business\/fr\/wp-json\/wp\/v2\/product"}],"about":[{"href":"https:\/\/bali.business\/fr\/wp-json\/wp\/v2\/types\/product"}],"replies":[{"embeddable":true,"href":"https:\/\/bali.business\/fr\/wp-json\/wp\/v2\/comments?post=324"}],"wp:attachment":[{"href":"https:\/\/bali.business\/fr\/wp-json\/wp\/v2\/media?parent=324"}],"wp:term":[{"taxonomy":"product_brand","embeddable":true,"href":"https:\/\/bali.business\/fr\/wp-json\/wp\/v2\/product_brand?post=324"},{"taxonomy":"product_cat","embeddable":true,"href":"https:\/\/bali.business\/fr\/wp-json\/wp\/v2\/product_cat?post=324"},{"taxonomy":"product_tag","embeddable":true,"href":"https:\/\/bali.business\/fr\/wp-json\/wp\/v2\/product_tag?post=324"}],"curies":[{"name":"wp","href":"https:\/\/api.w.org\/{rel}","templated":true}]}}