{"id":322,"date":"2025-01-09T21:50:50","date_gmt":"2025-01-09T13:50:50","guid":{"rendered":"https:\/\/bali.business\/product\/airport-2\/"},"modified":"2026-03-05T14:57:29","modified_gmt":"2026-03-05T06:57:29","slug":"airport-2","status":"publish","type":"product","link":"https:\/\/bali.business\/fr\/produit\/airport-2\/","title":{"rendered":"A\u00e9roport"},"content":{"rendered":"<p>Aenean in felis egestas, fringilla magna eget, lobortis tortor. Phasellus finibus sed enim sit amet luctus. Cras et ultrices mi, id venenatis massa. La t\u00eate de l'animal est en train de s'arrondir et la t\u00eate de l'animal est en train de s'arrondir. Le corps de l'animal a \u00e9t\u00e9 recouvert d'une pellicule de plastique. Suspendisse placerat ligula velit, non varius dolor consectetur faucibus. Cras maximus nulla libero, ut tincidunt sapien finibus sit amet. Etiam tristique nulla elit, at dapibus neque dictum id.<\/p>","protected":false},"excerpt":{"rendered":"<p>Aenean in felis egestas, fringilla magna eget, lobortis tortor. Phasellus finibus sed enim sit amet luctus. Cras et ultrices mi, id venenatis massa. Suspendisse mattis justo a venenatis mattis. Pellentesque venenatis vehicula ullamcorper. Suspendisse placerat ligula velit, non varius dolor consectetur faucibus. Cras maximus nulla libero, ut tincidunt sapien finibus sit amet. Etiam tristique nulla [&hellip;]<\/p>\n","protected":false},"featured_media":0,"comment_status":"open","ping_status":"closed","template":"","meta":[],"product_brand":[],"product_cat":[20],"product_tag":[],"class_list":{"0":"post-322","1":"product","2":"type-product","3":"status-publish","5":"product_cat-listeo-booking","7":"first","8":"instock","9":"virtual","10":"sold-individually","11":"purchasable","12":"product-type-listing_booking"},"_links":{"self":[{"href":"https:\/\/bali.business\/fr\/wp-json\/wp\/v2\/product\/322","targetHints":{"allow":["GET"]}}],"collection":[{"href":"https:\/\/bali.business\/fr\/wp-json\/wp\/v2\/product"}],"about":[{"href":"https:\/\/bali.business\/fr\/wp-json\/wp\/v2\/types\/product"}],"replies":[{"embeddable":true,"href":"https:\/\/bali.business\/fr\/wp-json\/wp\/v2\/comments?post=322"}],"wp:attachment":[{"href":"https:\/\/bali.business\/fr\/wp-json\/wp\/v2\/media?parent=322"}],"wp:term":[{"taxonomy":"product_brand","embeddable":true,"href":"https:\/\/bali.business\/fr\/wp-json\/wp\/v2\/product_brand?post=322"},{"taxonomy":"product_cat","embeddable":true,"href":"https:\/\/bali.business\/fr\/wp-json\/wp\/v2\/product_cat?post=322"},{"taxonomy":"product_tag","embeddable":true,"href":"https:\/\/bali.business\/fr\/wp-json\/wp\/v2\/product_tag?post=322"}],"curies":[{"name":"wp","href":"https:\/\/api.w.org\/{rel}","templated":true}]}}