{"id":201,"date":"2021-10-13T21:25:33","date_gmt":"2021-10-13T21:25:33","guid":{"rendered":"https:\/\/wordpress-722045-2402992.cloudwaysapps.com\/?post_type=product&#038;p=356"},"modified":"2025-11-21T15:50:35","modified_gmt":"2025-11-21T07:50:35","slug":"handmade-ceramic-mug","status":"publish","type":"product","link":"https:\/\/bali.business\/fr\/produit\/handmade-ceramic-mug\/","title":{"rendered":"Mug en c\u00e9ramique fait \u00e0 la main"},"content":{"rendered":"<p>Ces tasses \u00e0 th\u00e9 ou \u00e0 caf\u00e9 uniques sont faites d'argile fonc\u00e9e, et \u00e9maill\u00e9es \u00e0 la ferme.<\/p>","protected":false},"excerpt":{"rendered":"<p>Ces tasses \u00e0 th\u00e9 ou \u00e0 caf\u00e9 uniques sont faites d'argile fonc\u00e9e, et \u00e9maill\u00e9es \u00e0 la ferme.<\/p>","protected":false},"featured_media":53,"comment_status":"open","ping_status":"closed","template":"","meta":[],"product_brand":[],"product_cat":[51],"product_tag":[],"class_list":{"0":"post-201","1":"product","2":"type-product","3":"status-publish","4":"has-post-thumbnail","6":"product_cat-gadgets","8":"first","9":"instock","10":"shipping-taxable","11":"purchasable","12":"product-type-simple"},"_links":{"self":[{"href":"https:\/\/bali.business\/fr\/wp-json\/wp\/v2\/product\/201","targetHints":{"allow":["GET"]}}],"collection":[{"href":"https:\/\/bali.business\/fr\/wp-json\/wp\/v2\/product"}],"about":[{"href":"https:\/\/bali.business\/fr\/wp-json\/wp\/v2\/types\/product"}],"replies":[{"embeddable":true,"href":"https:\/\/bali.business\/fr\/wp-json\/wp\/v2\/comments?post=201"}],"wp:featuredmedia":[{"embeddable":true,"href":"https:\/\/bali.business\/fr\/wp-json\/wp\/v2\/media\/53"}],"wp:attachment":[{"href":"https:\/\/bali.business\/fr\/wp-json\/wp\/v2\/media?parent=201"}],"wp:term":[{"taxonomy":"product_brand","embeddable":true,"href":"https:\/\/bali.business\/fr\/wp-json\/wp\/v2\/product_brand?post=201"},{"taxonomy":"product_cat","embeddable":true,"href":"https:\/\/bali.business\/fr\/wp-json\/wp\/v2\/product_cat?post=201"},{"taxonomy":"product_tag","embeddable":true,"href":"https:\/\/bali.business\/fr\/wp-json\/wp\/v2\/product_tag?post=201"}],"curies":[{"name":"wp","href":"https:\/\/api.w.org\/{rel}","templated":true}]}}