{"id":11,"date":"2024-11-12T13:57:32","date_gmt":"2024-11-12T13:57:32","guid":{"rendered":"https:\/\/bali.business\/cart\/"},"modified":"2024-11-12T13:57:32","modified_gmt":"2024-11-12T13:57:32","slug":"cart","status":"publish","type":"page","link":"https:\/\/bali.business\/fr\/cart\/","title":{"rendered":"Chariot"},"content":{"rendered":"<div data-block-name=\"woocommerce\/cart\" class=\"wp-block-woocommerce-cart alignwide is-loading\">\n<div data-block-name=\"woocommerce\/filled-cart-block\" class=\"wp-block-woocommerce-filled-cart-block\">\n<div data-block-name=\"woocommerce\/cart-items-block\" class=\"wp-block-woocommerce-cart-items-block\">\n<div data-block-name=\"woocommerce\/cart-line-items-block\" class=\"wp-block-woocommerce-cart-line-items-block\"><\/div>\n\n\n\n<div data-block-name=\"woocommerce\/cart-cross-sells-block\" class=\"wp-block-woocommerce-cart-cross-sells-block\">\n<h2 class=\"wp-block-heading has-large-font-size\">Vous pourriez \u00eatre int\u00e9ress\u00e9 par...<\/h2>\n\n\n\n<div data-block-name=\"woocommerce\/cart-cross-sells-products-block\" class=\"wp-block-woocommerce-cart-cross-sells-products-block\"><\/div>\n<\/div>\n<\/div>\n\n\n\n<div data-block-name=\"woocommerce\/cart-totals-block\" class=\"wp-block-woocommerce-cart-totals-block\">\n<div data-block-name=\"woocommerce\/cart-order-summary-block\" class=\"wp-block-woocommerce-cart-order-summary-block\">\n<div data-block-name=\"woocommerce\/cart-order-summary-heading-block\" class=\"wp-block-woocommerce-cart-order-summary-heading-block\"><\/div><div data-block-name=\"woocommerce\/cart-order-summary-coupon-form-block\" class=\"wp-block-woocommerce-cart-order-summary-coupon-form-block\"><\/div><div data-block-name=\"woocommerce\/cart-order-summary-totals-block\" class=\"wp-block-woocommerce-cart-order-summary-totals-block\">\n<div data-block-name=\"woocommerce\/cart-order-summary-subtotal-block\" class=\"wp-block-woocommerce-cart-order-summary-subtotal-block\"><\/div>\n<div data-block-name=\"woocommerce\/cart-order-summary-discount-block\" class=\"wp-block-woocommerce-cart-order-summary-discount-block\"><\/div>\n<div data-block-name=\"woocommerce\/cart-order-summary-fee-block\" class=\"wp-block-woocommerce-cart-order-summary-fee-block\"><\/div>\n<div data-block-name=\"woocommerce\/cart-order-summary-shipping-block\" class=\"wp-block-woocommerce-cart-order-summary-shipping-block\"><\/div>\n<div data-block-name=\"woocommerce\/cart-order-summary-taxes-block\" class=\"wp-block-woocommerce-cart-order-summary-taxes-block\"><\/div><\/div>\n<\/div>\n\n\n\n<div data-block-name=\"woocommerce\/cart-express-payment-block\" class=\"wp-block-woocommerce-cart-express-payment-block\"><\/div>\n\n\n\n<div data-block-name=\"woocommerce\/proceed-to-checkout-block\" class=\"wp-block-woocommerce-proceed-to-checkout-block\"><\/div>\n\n\n\n<div data-block-name=\"woocommerce\/cart-accepted-payment-methods-block\" class=\"wp-block-woocommerce-cart-accepted-payment-methods-block\"><\/div>\n<\/div>\n<\/div>\n\n\n\n<div data-block-name=\"woocommerce\/empty-cart-block\" class=\"wp-block-woocommerce-empty-cart-block\">\n<h2 class=\"wp-block-heading has-text-align-center with-empty-cart-icon wc-block-cart__empty-cart__title\">Votre panier est actuellement vide !<\/h2>\n\n\n\n<hr class=\"wp-block-separator has-alpha-channel-opacity is-style-dots\"\/>\n\n\n\n<h2 class=\"wp-block-heading has-text-align-center\">Nouveau en magasin<\/h2>\n\n\n<div data-block-name=\"woocommerce\/product-new\" data-columns=\"4\" data-rows=\"1\" class=\"wc-block-grid wp-block-product-new wp-block-woocommerce-product-new wc-block-product-new has-4-columns\"><ul class=\"wc-block-grid__products\"><li class=\"wc-block-grid__product\">\n\t\t\t\t<a href=\"https:\/\/bali.business\/fr\/produit\/fitness-center-2\/\" class=\"wc-block-grid__product-link\">\n\t\t\t\t\t\n\t\t\t\t\t<div class=\"wc-block-grid__product-image\"><img fetchpriority=\"high\" decoding=\"async\" width=\"300\" height=\"300\" src=\"https:\/\/bali.business\/wp-content\/uploads\/woocommerce-placeholder-300x300.png\" class=\"woocommerce-placeholder wp-post-image\" alt=\"\" srcset=\"https:\/\/bali.business\/wp-content\/uploads\/woocommerce-placeholder-300x300.png 300w, https:\/\/bali.business\/wp-content\/uploads\/woocommerce-placeholder-100x100.png 100w, https:\/\/bali.business\/wp-content\/uploads\/woocommerce-placeholder-600x600.png 600w, https:\/\/bali.business\/wp-content\/uploads\/woocommerce-placeholder-1024x1024.png 1024w, https:\/\/bali.business\/wp-content\/uploads\/woocommerce-placeholder-150x150.png 150w, https:\/\/bali.business\/wp-content\/uploads\/woocommerce-placeholder-768x768.png 768w, https:\/\/bali.business\/wp-content\/uploads\/woocommerce-placeholder-590x590.png 590w, https:\/\/bali.business\/wp-content\/uploads\/woocommerce-placeholder-670x670.png 670w, https:\/\/bali.business\/wp-content\/uploads\/woocommerce-placeholder-577x577.png 577w, https:\/\/bali.business\/wp-content\/uploads\/woocommerce-placeholder-200x200.png 200w, https:\/\/bali.business\/wp-content\/uploads\/woocommerce-placeholder.png 1200w\" sizes=\"(max-width: 300px) 100vw, 300px\" \/><\/div>\n\t\t\t\t\t<div class=\"wc-block-grid__product-title\">Centre de remise en forme<\/div>\n\t\t\t\t<\/a>\n\t\t\t\t<div class=\"wc-block-grid__product-price price\"><\/div>\n\t\t\t\t\n\t\t\t\t<div class=\"wp-block-button wc-block-grid__product-add-to-cart\"><a href=\"\/fr\/wp-json\/wp\/v2\/pages\/11?add-to-cart=324\" aria-label=\"Ajouter au panier\u00a0: \u201cFitness Center\u201d\" data-quantity=\"1\" data-product_id=\"324\" data-product_sku=\"\" data-price=\"0\" rel=\"nofollow\" class=\"wp-block-button__link  add_to_cart_button ajax_add_to_cart\" data-no-translation-aria-label=\"\">Add to cart<\/a><\/div>\n\t\t\t<\/li><li class=\"wc-block-grid__product\">\n\t\t\t\t<a href=\"https:\/\/bali.business\/fr\/produit\/private-bedroom-in-manhattan-2\/\" class=\"wc-block-grid__product-link\">\n\t\t\t\t\t\n\t\t\t\t\t<div class=\"wc-block-grid__product-image\"><img fetchpriority=\"high\" decoding=\"async\" width=\"300\" height=\"300\" src=\"https:\/\/bali.business\/wp-content\/uploads\/woocommerce-placeholder-300x300.png\" class=\"woocommerce-placeholder wp-post-image\" alt=\"\" srcset=\"https:\/\/bali.business\/wp-content\/uploads\/woocommerce-placeholder-300x300.png 300w, https:\/\/bali.business\/wp-content\/uploads\/woocommerce-placeholder-100x100.png 100w, https:\/\/bali.business\/wp-content\/uploads\/woocommerce-placeholder-600x600.png 600w, https:\/\/bali.business\/wp-content\/uploads\/woocommerce-placeholder-1024x1024.png 1024w, https:\/\/bali.business\/wp-content\/uploads\/woocommerce-placeholder-150x150.png 150w, https:\/\/bali.business\/wp-content\/uploads\/woocommerce-placeholder-768x768.png 768w, https:\/\/bali.business\/wp-content\/uploads\/woocommerce-placeholder-590x590.png 590w, https:\/\/bali.business\/wp-content\/uploads\/woocommerce-placeholder-670x670.png 670w, https:\/\/bali.business\/wp-content\/uploads\/woocommerce-placeholder-577x577.png 577w, https:\/\/bali.business\/wp-content\/uploads\/woocommerce-placeholder-200x200.png 200w, https:\/\/bali.business\/wp-content\/uploads\/woocommerce-placeholder.png 1200w\" sizes=\"(max-width: 300px) 100vw, 300px\" \/><\/div>\n\t\t\t\t\t<div class=\"wc-block-grid__product-title\">Chambre priv\u00e9e \u00e0 Manhattan<\/div>\n\t\t\t\t<\/a>\n\t\t\t\t<div class=\"wc-block-grid__product-price price\"><\/div>\n\t\t\t\t\n\t\t\t\t<div class=\"wp-block-button wc-block-grid__product-add-to-cart\"><a href=\"\/fr\/wp-json\/wp\/v2\/pages\/11?add-to-cart=323\" aria-label=\"Ajouter au panier\u00a0: \u201cPrivate Bedroom in Manhattan\u201d\" data-quantity=\"1\" data-product_id=\"323\" data-product_sku=\"\" data-price=\"0\" rel=\"nofollow\" class=\"wp-block-button__link  add_to_cart_button ajax_add_to_cart\" data-no-translation-aria-label=\"\">Add to cart<\/a><\/div>\n\t\t\t<\/li><li class=\"wc-block-grid__product\">\n\t\t\t\t<a href=\"https:\/\/bali.business\/fr\/produit\/airport-2\/\" class=\"wc-block-grid__product-link\">\n\t\t\t\t\t\n\t\t\t\t\t<div class=\"wc-block-grid__product-image\"><img fetchpriority=\"high\" decoding=\"async\" width=\"300\" height=\"300\" src=\"https:\/\/bali.business\/wp-content\/uploads\/woocommerce-placeholder-300x300.png\" class=\"woocommerce-placeholder wp-post-image\" alt=\"\" srcset=\"https:\/\/bali.business\/wp-content\/uploads\/woocommerce-placeholder-300x300.png 300w, https:\/\/bali.business\/wp-content\/uploads\/woocommerce-placeholder-100x100.png 100w, https:\/\/bali.business\/wp-content\/uploads\/woocommerce-placeholder-600x600.png 600w, https:\/\/bali.business\/wp-content\/uploads\/woocommerce-placeholder-1024x1024.png 1024w, https:\/\/bali.business\/wp-content\/uploads\/woocommerce-placeholder-150x150.png 150w, https:\/\/bali.business\/wp-content\/uploads\/woocommerce-placeholder-768x768.png 768w, https:\/\/bali.business\/wp-content\/uploads\/woocommerce-placeholder-590x590.png 590w, https:\/\/bali.business\/wp-content\/uploads\/woocommerce-placeholder-670x670.png 670w, https:\/\/bali.business\/wp-content\/uploads\/woocommerce-placeholder-577x577.png 577w, https:\/\/bali.business\/wp-content\/uploads\/woocommerce-placeholder-200x200.png 200w, https:\/\/bali.business\/wp-content\/uploads\/woocommerce-placeholder.png 1200w\" sizes=\"(max-width: 300px) 100vw, 300px\" \/><\/div>\n\t\t\t\t\t<div class=\"wc-block-grid__product-title\">A\u00e9roport<\/div>\n\t\t\t\t<\/a>\n\t\t\t\t<div class=\"wc-block-grid__product-price price\"><\/div>\n\t\t\t\t\n\t\t\t\t<div class=\"wp-block-button wc-block-grid__product-add-to-cart\"><a href=\"\/fr\/wp-json\/wp\/v2\/pages\/11?add-to-cart=322\" aria-label=\"Ajouter au panier\u00a0: \u201cAirport\u201d\" data-quantity=\"1\" data-product_id=\"322\" data-product_sku=\"\" data-price=\"0\" rel=\"nofollow\" class=\"wp-block-button__link  add_to_cart_button ajax_add_to_cart\" data-no-translation-aria-label=\"\">Add to cart<\/a><\/div>\n\t\t\t<\/li><li class=\"wc-block-grid__product\">\n\t\t\t\t<a href=\"https:\/\/bali.business\/fr\/produit\/think-coffe-2\/\" class=\"wc-block-grid__product-link\">\n\t\t\t\t\t\n\t\t\t\t\t<div class=\"wc-block-grid__product-image\"><img fetchpriority=\"high\" decoding=\"async\" width=\"300\" height=\"300\" src=\"https:\/\/bali.business\/wp-content\/uploads\/woocommerce-placeholder-300x300.png\" class=\"woocommerce-placeholder wp-post-image\" alt=\"\" srcset=\"https:\/\/bali.business\/wp-content\/uploads\/woocommerce-placeholder-300x300.png 300w, https:\/\/bali.business\/wp-content\/uploads\/woocommerce-placeholder-100x100.png 100w, https:\/\/bali.business\/wp-content\/uploads\/woocommerce-placeholder-600x600.png 600w, https:\/\/bali.business\/wp-content\/uploads\/woocommerce-placeholder-1024x1024.png 1024w, https:\/\/bali.business\/wp-content\/uploads\/woocommerce-placeholder-150x150.png 150w, https:\/\/bali.business\/wp-content\/uploads\/woocommerce-placeholder-768x768.png 768w, https:\/\/bali.business\/wp-content\/uploads\/woocommerce-placeholder-590x590.png 590w, https:\/\/bali.business\/wp-content\/uploads\/woocommerce-placeholder-670x670.png 670w, https:\/\/bali.business\/wp-content\/uploads\/woocommerce-placeholder-577x577.png 577w, https:\/\/bali.business\/wp-content\/uploads\/woocommerce-placeholder-200x200.png 200w, https:\/\/bali.business\/wp-content\/uploads\/woocommerce-placeholder.png 1200w\" sizes=\"(max-width: 300px) 100vw, 300px\" \/><\/div>\n\t\t\t\t\t<div class=\"wc-block-grid__product-title\">Think Coffe<\/div>\n\t\t\t\t<\/a>\n\t\t\t\t<div class=\"wc-block-grid__product-price price\"><\/div>\n\t\t\t\t\n\t\t\t\t<div class=\"wp-block-button wc-block-grid__product-add-to-cart\"><a href=\"\/fr\/wp-json\/wp\/v2\/pages\/11?add-to-cart=321\" aria-label=\"Ajouter au panier\u00a0: \u201cThink Coffe\u201d\" data-quantity=\"1\" data-product_id=\"321\" data-product_sku=\"\" data-price=\"0\" rel=\"nofollow\" class=\"wp-block-button__link  add_to_cart_button ajax_add_to_cart\" data-no-translation-aria-label=\"\">Add to cart<\/a><\/div>\n\t\t\t<\/li><\/ul><\/div><\/div>\n<\/div>","protected":false},"excerpt":{"rendered":"","protected":false},"author":856,"featured_media":0,"parent":0,"menu_order":0,"comment_status":"closed","ping_status":"closed","template":"","meta":{"footnotes":""},"class_list":["post-11","page","type-page","status-publish","hentry"],"_links":{"self":[{"href":"https:\/\/bali.business\/fr\/wp-json\/wp\/v2\/pages\/11","targetHints":{"allow":["GET"]}}],"collection":[{"href":"https:\/\/bali.business\/fr\/wp-json\/wp\/v2\/pages"}],"about":[{"href":"https:\/\/bali.business\/fr\/wp-json\/wp\/v2\/types\/page"}],"author":[{"embeddable":true,"href":"https:\/\/bali.business\/fr\/wp-json\/wp\/v2\/users\/856"}],"replies":[{"embeddable":true,"href":"https:\/\/bali.business\/fr\/wp-json\/wp\/v2\/comments?post=11"}],"version-history":[{"count":0,"href":"https:\/\/bali.business\/fr\/wp-json\/wp\/v2\/pages\/11\/revisions"}],"wp:attachment":[{"href":"https:\/\/bali.business\/fr\/wp-json\/wp\/v2\/media?parent=11"}],"curies":[{"name":"wp","href":"https:\/\/api.w.org\/{rel}","templated":true}]}}