{"id":197,"date":"2021-10-13T21:25:33","date_gmt":"2021-10-13T21:25:33","guid":{"rendered":"https:\/\/wordpress-722045-2402992.cloudwaysapps.com\/?post_type=product&#038;p=352"},"modified":"2025-11-21T15:50:35","modified_gmt":"2025-11-21T07:50:35","slug":"organic-bath-towels","status":"publish","type":"product","link":"https:\/\/bali.business\/es\/producto\/organic-bath-towels\/","title":{"rendered":"Toallas de ba\u00f1o org\u00e1nicas"},"content":{"rendered":"<p>Toallas de felpa excepcionalmente suaves, gruesas y lujosas. M\u00e1s que solo acogedoras, sus largos bucles son absorbentes, se secan r\u00e1pidamente y est\u00e1n dise\u00f1adas para soportar a\u00f1os de uso regular para aquellos que disfrutan de toallas esponjosas y voluminosas.<\/p>","protected":false},"excerpt":{"rendered":"<p>Toallas de felpa excepcionalmente suaves, gruesas y lujosas. M\u00e1s que solo acogedoras, sus largos bucles son absorbentes, se secan r\u00e1pidamente y est\u00e1n dise\u00f1adas para soportar a\u00f1os de uso regular para aquellos que disfrutan de toallas esponjosas y voluminosas.<\/p>","protected":false},"featured_media":50,"comment_status":"open","ping_status":"closed","template":"","meta":[],"product_brand":[],"product_cat":[53],"product_tag":[],"class_list":{"0":"post-197","1":"product","2":"type-product","3":"status-publish","4":"has-post-thumbnail","6":"product_cat-bath","8":"first","9":"instock","10":"sale","11":"shipping-taxable","12":"purchasable","13":"product-type-simple"},"_links":{"self":[{"href":"https:\/\/bali.business\/es\/wp-json\/wp\/v2\/product\/197","targetHints":{"allow":["GET"]}}],"collection":[{"href":"https:\/\/bali.business\/es\/wp-json\/wp\/v2\/product"}],"about":[{"href":"https:\/\/bali.business\/es\/wp-json\/wp\/v2\/types\/product"}],"replies":[{"embeddable":true,"href":"https:\/\/bali.business\/es\/wp-json\/wp\/v2\/comments?post=197"}],"wp:featuredmedia":[{"embeddable":true,"href":"https:\/\/bali.business\/es\/wp-json\/wp\/v2\/media\/50"}],"wp:attachment":[{"href":"https:\/\/bali.business\/es\/wp-json\/wp\/v2\/media?parent=197"}],"wp:term":[{"taxonomy":"product_brand","embeddable":true,"href":"https:\/\/bali.business\/es\/wp-json\/wp\/v2\/product_brand?post=197"},{"taxonomy":"product_cat","embeddable":true,"href":"https:\/\/bali.business\/es\/wp-json\/wp\/v2\/product_cat?post=197"},{"taxonomy":"product_tag","embeddable":true,"href":"https:\/\/bali.business\/es\/wp-json\/wp\/v2\/product_tag?post=197"}],"curies":[{"name":"wp","href":"https:\/\/api.w.org\/{rel}","templated":true}]}}